{"id":122,"date":"2021-11-25T11:15:54","date_gmt":"2021-11-25T10:15:54","guid":{"rendered":"http:\/\/ursuiatrail.fr\/?page_id=122"},"modified":"2022-03-09T16:45:16","modified_gmt":"2022-03-09T15:45:16","slug":"2017-3","status":"publish","type":"page","link":"https:\/\/ursuiatrail.fr\/?page_id=122","title":{"rendered":"2017"},"content":{"rendered":"\n<p><em> <em>Si les cl<\/em>assements ne s&rsquo;affichent pas, vous pouvez les t\u00e9l\u00e9charger. <\/em><\/p>\n\n\n\n<p><em>Utilisez la loupe pour faire une recherche.<\/em><\/p>\n\n\n\n<p><a href=\"https:\/\/ursuiatrail.fr\/wp-content\/uploads\/2021\/11\/Classement_Ursuia_2017_gen.pdf\">Classement g\u00e9n\u00e9ral<\/a> :<\/p>\n\n\n\n<div data-wp-interactive=\"core\/file\" class=\"wp-block-file\"><object data-wp-bind--hidden=\"!state.hasPdfPreview\" hidden class=\"wp-block-file__embed\" data=\"https:\/\/ursuiatrail.fr\/wp-content\/uploads\/2021\/11\/Classement_Ursuia_2017_gen.pdf\" type=\"application\/pdf\" style=\"width:100%;height:600px\" aria-label=\"Contenu embarqu\u00e9 Embed of Classement_Ursuia_2017_gen..\"><\/object><a id=\"wp-block-file--media-d2488cdf-e076-4d0e-9fc4-e9b3c1db7237\" href=\"https:\/\/ursuiatrail.fr\/wp-content\/uploads\/2021\/11\/Classement_Ursuia_2017_gen.pdf\">Classement_Ursuia_2017_gen<\/a><a href=\"https:\/\/ursuiatrail.fr\/wp-content\/uploads\/2021\/11\/Classement_Ursuia_2017_gen.pdf\" class=\"wp-block-file__button\" download aria-describedby=\"wp-block-file--media-d2488cdf-e076-4d0e-9fc4-e9b3c1db7237\">T\u00e9l\u00e9charger<\/a><\/div>\n\n\n\n<p><\/p>\n\n\n\n<p><a href=\"https:\/\/ursuiatrail.fr\/wp-content\/uploads\/2021\/11\/Classement_Ursuia_2017_cat.pdf\">Classement par cat\u00e9gorie<\/a> :<\/p>\n\n\n\n<div data-wp-interactive=\"core\/file\" class=\"wp-block-file\"><object data-wp-bind--hidden=\"!state.hasPdfPreview\" hidden class=\"wp-block-file__embed\" data=\"https:\/\/ursuiatrail.fr\/wp-content\/uploads\/2021\/11\/Classement_Ursuia_2017_cat.pdf\" type=\"application\/pdf\" style=\"width:100%;height:600px\" aria-label=\"Contenu embarqu\u00e9 Embed of Classement_Ursuia_2017_cat..\"><\/object><a id=\"wp-block-file--media-6a0328eb-7c41-41be-abce-f15e61099c23\" href=\"https:\/\/ursuiatrail.fr\/wp-content\/uploads\/2021\/11\/Classement_Ursuia_2017_cat.pdf\">Classement_Ursuia_2017_cat<\/a><a href=\"https:\/\/ursuiatrail.fr\/wp-content\/uploads\/2021\/11\/Classement_Ursuia_2017_cat.pdf\" class=\"wp-block-file__button\" download aria-describedby=\"wp-block-file--media-6a0328eb-7c41-41be-abce-f15e61099c23\">T\u00e9l\u00e9charger<\/a><\/div>\n","protected":false},"excerpt":{"rendered":"<p>Si les classements ne s&rsquo;affichent pas, vous pouvez les t\u00e9l\u00e9charger. Utilisez la loupe pour faire une recherche. Classement g\u00e9n\u00e9ral : Classement par cat\u00e9gorie :<\/p>\n","protected":false},"author":1,"featured_media":0,"parent":0,"menu_order":0,"comment_status":"closed","ping_status":"closed","template":"","meta":{"_kadence_starter_templates_imported_post":false,"_kad_post_transparent":"","_kad_post_title":"","_kad_post_layout":"","_kad_post_sidebar_id":"","_kad_post_content_style":"","_kad_post_vertical_padding":"","_kad_post_feature":"","_kad_post_feature_position":"","_kad_post_header":false,"_kad_post_footer":false,"_kad_post_classname":"","two_page_speed":[],"footnotes":""},"class_list":["post-122","page","type-page","status-publish","hentry"],"_links":{"self":[{"href":"https:\/\/ursuiatrail.fr\/index.php?rest_route=\/wp\/v2\/pages\/122","targetHints":{"allow":["GET"]}}],"collection":[{"href":"https:\/\/ursuiatrail.fr\/index.php?rest_route=\/wp\/v2\/pages"}],"about":[{"href":"https:\/\/ursuiatrail.fr\/index.php?rest_route=\/wp\/v2\/types\/page"}],"author":[{"embeddable":true,"href":"https:\/\/ursuiatrail.fr\/index.php?rest_route=\/wp\/v2\/users\/1"}],"replies":[{"embeddable":true,"href":"https:\/\/ursuiatrail.fr\/index.php?rest_route=%2Fwp%2Fv2%2Fcomments&post=122"}],"version-history":[{"count":4,"href":"https:\/\/ursuiatrail.fr\/index.php?rest_route=\/wp\/v2\/pages\/122\/revisions"}],"predecessor-version":[{"id":2940,"href":"https:\/\/ursuiatrail.fr\/index.php?rest_route=\/wp\/v2\/pages\/122\/revisions\/2940"}],"wp:attachment":[{"href":"https:\/\/ursuiatrail.fr\/index.php?rest_route=%2Fwp%2Fv2%2Fmedia&parent=122"}],"curies":[{"name":"wp","href":"https:\/\/api.w.org\/{rel}","templated":true}]}}