{"id":41,"date":"2021-11-24T11:36:04","date_gmt":"2021-11-24T10:36:04","guid":{"rendered":"http:\/\/ursuiatrail.fr\/?page_id=41"},"modified":"2025-12-17T18:41:11","modified_gmt":"2025-12-17T17:41:11","slug":"inscription","status":"publish","type":"page","link":"https:\/\/ursuiatrail.fr\/?page_id=41","title":{"rendered":"Inscription"},"content":{"rendered":"\n<div class=\"wp-block-group has-theme-palette-9-background-color has-background\"><div class=\"wp-block-group__inner-container is-layout-constrained wp-block-group-is-layout-constrained\">\n<p>Inscriptions \u00e0 partir du samedi 20 d\u00e9cembre 2025 \u00e0 9h <a href=\"https:\/\/in.njuko.com\/ursuia-trail-20261765524938995?currentPage=select-competition\">ICI<\/a> (19\u20ac pour le 22 km et 13\u20ac pour le 12 km).<\/p>\n\n\n<div class=\"wp-block-image\">\n<figure class=\"aligncenter size-full is-resized\"><a href=\"www.pb-organisation.com\"><img loading=\"lazy\" decoding=\"async\" width=\"168\" height=\"116\" src=\"https:\/\/ursuiatrail.fr\/wp-content\/uploads\/2021\/11\/PBO.jpg\" alt=\"\" class=\"wp-image-2798\" style=\"width:192px;height:auto\"\/><\/a><\/figure>\n<\/div>\n\n\n<p>Inscription possible sur place le jour de la course, seulement s&rsquo;il reste des places (25\u20ac pour le 22 km et 15\u20ac pour le 12 km).<\/p>\n\n\n\n<p><\/p>\n<\/div><\/div>\n","protected":false},"excerpt":{"rendered":"<p>Inscriptions \u00e0 partir du samedi 20 d\u00e9cembre 2025 \u00e0 9h ICI (19\u20ac pour le 22 km et 13\u20ac pour le 12 km). Inscription possible sur place le jour de la course, seulement s&rsquo;il reste des places (25\u20ac pour le 22 km et 15\u20ac pour le 12 km).<\/p>\n","protected":false},"author":1,"featured_media":0,"parent":0,"menu_order":0,"comment_status":"closed","ping_status":"closed","template":"","meta":{"_kadence_starter_templates_imported_post":false,"_kad_post_transparent":"","_kad_post_title":"","_kad_post_layout":"","_kad_post_sidebar_id":"","_kad_post_content_style":"","_kad_post_vertical_padding":"","_kad_post_feature":"","_kad_post_feature_position":"","_kad_post_header":false,"_kad_post_footer":false,"_kad_post_classname":"","two_page_speed":[],"footnotes":""},"class_list":["post-41","page","type-page","status-publish","hentry"],"_links":{"self":[{"href":"https:\/\/ursuiatrail.fr\/index.php?rest_route=\/wp\/v2\/pages\/41","targetHints":{"allow":["GET"]}}],"collection":[{"href":"https:\/\/ursuiatrail.fr\/index.php?rest_route=\/wp\/v2\/pages"}],"about":[{"href":"https:\/\/ursuiatrail.fr\/index.php?rest_route=\/wp\/v2\/types\/page"}],"author":[{"embeddable":true,"href":"https:\/\/ursuiatrail.fr\/index.php?rest_route=\/wp\/v2\/users\/1"}],"replies":[{"embeddable":true,"href":"https:\/\/ursuiatrail.fr\/index.php?rest_route=%2Fwp%2Fv2%2Fcomments&post=41"}],"version-history":[{"count":10,"href":"https:\/\/ursuiatrail.fr\/index.php?rest_route=\/wp\/v2\/pages\/41\/revisions"}],"predecessor-version":[{"id":3667,"href":"https:\/\/ursuiatrail.fr\/index.php?rest_route=\/wp\/v2\/pages\/41\/revisions\/3667"}],"wp:attachment":[{"href":"https:\/\/ursuiatrail.fr\/index.php?rest_route=%2Fwp%2Fv2%2Fmedia&parent=41"}],"curies":[{"name":"wp","href":"https:\/\/api.w.org\/{rel}","templated":true}]}}