{"id":46,"date":"2021-11-24T11:36:04","date_gmt":"2021-11-24T10:36:04","guid":{"rendered":"http:\/\/ursuiatrail.fr\/?page_id=46"},"modified":"2025-10-23T17:52:24","modified_gmt":"2025-10-23T15:52:24","slug":"nous-rejoindre-acces","status":"publish","type":"page","link":"https:\/\/ursuiatrail.fr\/?page_id=46","title":{"rendered":"Nous rejoindre &#8211; Acc\u00e8s"},"content":{"rendered":"\n<div class=\"wp-block-group has-theme-palette-8-background-color has-background\"><div class=\"wp-block-group__inner-container is-layout-constrained wp-block-group-is-layout-constrained\"><p><iframe src=\"https:\/\/www.google.com\/maps\/embed?pb=!1m18!1m12!1m3!1d256.36507200258706!2d-1.3565371502384245!3d43.36782952343996!2m3!1f0!2f0!3f0!3m2!1i1024!2i768!4f13.1!3m3!1m2!1s0xd5131e9ff1dca1b%3A0x872e09caa41d977e!2sFoyer%20rural%20%C3%A0%20Urcuray!5e0!3m2!1sfr!2sfr!4v1638183554880!5m2!1sfr!2sfr\" width=\"600\" height=\"450\" style=\"border:0;\" allowfullscreen=\"\" loading=\"lazy\"><\/iframe><\/p>\n\n\n\n<h2 class=\"wp-block-heading\">En venant de Cambo-Les-Bains<\/h2>\n\n\n\n<ul class=\"wp-block-list\">\n<li>Prendre la rue du centre\/D918<\/li>\n\n\n\n<li>A 80 m\u00e8tres, au rond-point, continuer tout droit sur all\u00e9e Anne de Neubourg \/ D10<\/li>\n\n\n\n<li>A 850 m\u00e8tres, au rond-point, prendre la sortie sur avenue de l&rsquo;Ursuia \/ D10<\/li>\n\n\n\n<li>Apr\u00e8s 3.8 km vous \u00eates arriv\u00e9s a Urcuray<\/li>\n<\/ul>\n\n\n\n<h2 class=\"wp-block-heading\">En venant de Briscous<\/h2>\n\n\n\n<ul class=\"wp-block-list\">\n<li>Faire environ 7.5 km du pont de l&rsquo;autoroute (sortie 3) jusqu&rsquo;\u00e0 Hasparren<\/li>\n\n\n\n<li>Au rond-point, prendre la 1\u00e8re sortie<\/li>\n\n\n\n<li>Apr\u00e8s 1,4 km, au rond-point, prendre la 1\u00e8re sortie sur avenue Charles de Gaulle \/ D622E<\/li>\n\n\n\n<li>Apr\u00e8s 400 m\u00e8tres, au rond-point, prendre la 1\u00e8re sortie sur D22<\/li>\n\n\n\n<li>Apr\u00e8s 180 m\u00e8tres, au rond point, continuer tout droit sur route de Cambo \/ D22<\/li>\n\n\n\n<li>Apr\u00e8s 1.6 km, prendre l\u00e9g\u00e8rement \u00e0 gauche vers Cambo D10<\/li>\n\n\n\n<li>Apr\u00e8s 2.5 km vous \u00eates arriv\u00e9s a Urcuray<\/li>\n<\/ul>\n<\/div><\/div>\n","protected":false},"excerpt":{"rendered":"<p>En venant de Cambo-Les-Bains En venant de Briscous<\/p>\n","protected":false},"author":1,"featured_media":0,"parent":0,"menu_order":0,"comment_status":"closed","ping_status":"closed","template":"","meta":{"_kadence_starter_templates_imported_post":false,"_kad_post_transparent":"","_kad_post_title":"","_kad_post_layout":"","_kad_post_sidebar_id":"","_kad_post_content_style":"","_kad_post_vertical_padding":"","_kad_post_feature":"","_kad_post_feature_position":"","_kad_post_header":false,"_kad_post_footer":false,"_kad_post_classname":"","two_page_speed":[],"footnotes":""},"class_list":["post-46","page","type-page","status-publish","hentry"],"_links":{"self":[{"href":"https:\/\/ursuiatrail.fr\/index.php?rest_route=\/wp\/v2\/pages\/46","targetHints":{"allow":["GET"]}}],"collection":[{"href":"https:\/\/ursuiatrail.fr\/index.php?rest_route=\/wp\/v2\/pages"}],"about":[{"href":"https:\/\/ursuiatrail.fr\/index.php?rest_route=\/wp\/v2\/types\/page"}],"author":[{"embeddable":true,"href":"https:\/\/ursuiatrail.fr\/index.php?rest_route=\/wp\/v2\/users\/1"}],"replies":[{"embeddable":true,"href":"https:\/\/ursuiatrail.fr\/index.php?rest_route=%2Fwp%2Fv2%2Fcomments&post=46"}],"version-history":[{"count":5,"href":"https:\/\/ursuiatrail.fr\/index.php?rest_route=\/wp\/v2\/pages\/46\/revisions"}],"predecessor-version":[{"id":3614,"href":"https:\/\/ursuiatrail.fr\/index.php?rest_route=\/wp\/v2\/pages\/46\/revisions\/3614"}],"wp:attachment":[{"href":"https:\/\/ursuiatrail.fr\/index.php?rest_route=%2Fwp%2Fv2%2Fmedia&parent=46"}],"curies":[{"name":"wp","href":"https:\/\/api.w.org\/{rel}","templated":true}]}}