{"id":48,"date":"2021-11-24T11:36:04","date_gmt":"2021-11-24T10:36:04","guid":{"rendered":"http:\/\/ursuiatrail.fr\/?page_id=48"},"modified":"2025-10-22T16:08:21","modified_gmt":"2025-10-22T14:08:21","slug":"programme-coureurs","status":"publish","type":"page","link":"https:\/\/ursuiatrail.fr\/?page_id=48","title":{"rendered":"Programme Coureurs"},"content":{"rendered":"\n<div class=\"wp-block-group has-theme-palette-8-background-color has-background\"><div class=\"wp-block-group__inner-container is-layout-constrained wp-block-group-is-layout-constrained\">\n<h2 class=\"wp-block-heading\">Programme Coureurs<\/h2>\n\n\n\n<ul class=\"wp-block-list has-large-font-size\">\n<li><strong>22 km<\/strong><\/li>\n<\/ul>\n\n\n\n<p>A partir de 7h00 : rassemblement \/ remise des dossards. Fin des inscriptions \u00e0 8h45.<\/p>\n\n\n\n<p>8h45 : rassemblement pour d\u00e9part.<\/p>\n\n\n\n<p>9h pr\u00e9cises : d\u00e9part.<\/p>\n\n\n\n<p>Attention : pas de gobelets sur les ravitaillements<\/p>\n\n\n\n<p>A partir de 12h30 :&nbsp; remise des prix.<\/p>\n\n\n\n<p>Gardiennage des sacs assur\u00e9 \/ Parking avec navettes.<\/p>\n\n\n\n<p>_______________<\/p>\n\n\n\n<p><\/p>\n\n\n\n<p><\/p>\n\n\n\n<ul class=\"wp-block-list has-large-font-size\">\n<li><strong>12 km<\/strong><\/li>\n<\/ul>\n\n\n\n<p>A partir de 9h00 : rassemblement \/ remise des dossards. Fin des inscriptions \u00e0 9h45.<\/p>\n\n\n\n<p>9h45 : rassemblement pour d\u00e9part.<\/p>\n\n\n\n<p>10h pr\u00e9cises : d\u00e9part.<\/p>\n\n\n\n<p>Attention : pas de gobelets sur les ravitaillements<\/p>\n\n\n\n<p>A partir de 12h30 : remise des prix.<\/p>\n\n\n\n<p>Gardiennage des sacs assur\u00e9 \/ Parking avec navettes.<\/p>\n\n\n\n<p><\/p>\n\n\n\n<p><em>(Les organisateurs d\u00e9clinent toute responsabilit\u00e9 concernant les v\u00e9hicules gar\u00e9s sur la voie publique).<\/em><br><\/p>\n<\/div><\/div>\n","protected":false},"excerpt":{"rendered":"<p>Programme Coureurs A partir de 7h00 : rassemblement \/ remise des dossards. Fin des inscriptions \u00e0 8h45. 8h45 : rassemblement pour d\u00e9part. 9h pr\u00e9cises : d\u00e9part. Attention : pas de gobelets sur les ravitaillements A partir de 12h30 :&nbsp; remise des prix. Gardiennage des sacs assur\u00e9 \/ Parking avec navettes. _______________ A partir de 9h00&#8230;<\/p>\n","protected":false},"author":1,"featured_media":0,"parent":0,"menu_order":0,"comment_status":"closed","ping_status":"closed","template":"","meta":{"_kadence_starter_templates_imported_post":false,"_kad_post_transparent":"","_kad_post_title":"","_kad_post_layout":"","_kad_post_sidebar_id":"","_kad_post_content_style":"","_kad_post_vertical_padding":"","_kad_post_feature":"","_kad_post_feature_position":"","_kad_post_header":false,"_kad_post_footer":false,"_kad_post_classname":"","two_page_speed":[],"footnotes":""},"class_list":["post-48","page","type-page","status-publish","hentry"],"_links":{"self":[{"href":"https:\/\/ursuiatrail.fr\/index.php?rest_route=\/wp\/v2\/pages\/48","targetHints":{"allow":["GET"]}}],"collection":[{"href":"https:\/\/ursuiatrail.fr\/index.php?rest_route=\/wp\/v2\/pages"}],"about":[{"href":"https:\/\/ursuiatrail.fr\/index.php?rest_route=\/wp\/v2\/types\/page"}],"author":[{"embeddable":true,"href":"https:\/\/ursuiatrail.fr\/index.php?rest_route=\/wp\/v2\/users\/1"}],"replies":[{"embeddable":true,"href":"https:\/\/ursuiatrail.fr\/index.php?rest_route=%2Fwp%2Fv2%2Fcomments&post=48"}],"version-history":[{"count":12,"href":"https:\/\/ursuiatrail.fr\/index.php?rest_route=\/wp\/v2\/pages\/48\/revisions"}],"predecessor-version":[{"id":3557,"href":"https:\/\/ursuiatrail.fr\/index.php?rest_route=\/wp\/v2\/pages\/48\/revisions\/3557"}],"wp:attachment":[{"href":"https:\/\/ursuiatrail.fr\/index.php?rest_route=%2Fwp%2Fv2%2Fmedia&parent=48"}],"curies":[{"name":"wp","href":"https:\/\/api.w.org\/{rel}","templated":true}]}}