{"id":49,"date":"2021-11-24T11:36:04","date_gmt":"2021-11-24T10:36:04","guid":{"rendered":"http:\/\/ursuiatrail.fr\/?page_id=49"},"modified":"2025-12-04T03:18:38","modified_gmt":"2025-12-04T02:18:38","slug":"programme-randonneurs","status":"publish","type":"page","link":"https:\/\/ursuiatrail.fr\/?page_id=49","title":{"rendered":"Programme randonneurs"},"content":{"rendered":"\n<div class=\"wp-block-group has-theme-palette-8-background-color has-background\"><div class=\"wp-block-group__inner-container is-layout-constrained wp-block-group-is-layout-constrained\">\n<h2 class=\"wp-block-heading\">Programme randonneurs<\/h2>\n\n\n\n<p><\/p>\n\n\n\n<p>Inscriptions sur place le jour de la course : 8\u20ac.<\/p>\n\n\n\n<p>D\u00e9part libre entre 7h00 et 7h45h.<\/p>\n\n\n\n<p>Parking avec navettes.<\/p>\n\n\n\n<p><span style=\"text-decoration: underline;\">Attention :<\/span> pas de gobelets sur les ravitaillements. Possibilit\u00e9 d&rsquo;acheter un gobelet r\u00e9utilisable sur place.<\/p>\n\n\n\n<p><em>(Les organisateurs d\u00e9clinent toute responsabilit\u00e9 concernant les v\u00e9hicules gar\u00e9s sur la voie publique).<\/em><\/p>\n\n\n\n<p><\/p>\n<\/div><\/div>\n","protected":false},"excerpt":{"rendered":"<p>Programme randonneurs Inscriptions sur place le jour de la course : 8\u20ac. D\u00e9part libre entre 7h00 et 7h45h. Parking avec navettes. Attention : pas de gobelets sur les ravitaillements. Possibilit\u00e9 d&rsquo;acheter un gobelet r\u00e9utilisable sur place. (Les organisateurs d\u00e9clinent toute responsabilit\u00e9 concernant les v\u00e9hicules gar\u00e9s sur la voie publique).<\/p>\n","protected":false},"author":1,"featured_media":0,"parent":0,"menu_order":0,"comment_status":"closed","ping_status":"closed","template":"","meta":{"_kadence_starter_templates_imported_post":false,"_kad_post_transparent":"","_kad_post_title":"","_kad_post_layout":"","_kad_post_sidebar_id":"","_kad_post_content_style":"","_kad_post_vertical_padding":"","_kad_post_feature":"","_kad_post_feature_position":"","_kad_post_header":false,"_kad_post_footer":false,"_kad_post_classname":"","two_page_speed":[],"footnotes":""},"class_list":["post-49","page","type-page","status-publish","hentry"],"_links":{"self":[{"href":"https:\/\/ursuiatrail.fr\/index.php?rest_route=\/wp\/v2\/pages\/49","targetHints":{"allow":["GET"]}}],"collection":[{"href":"https:\/\/ursuiatrail.fr\/index.php?rest_route=\/wp\/v2\/pages"}],"about":[{"href":"https:\/\/ursuiatrail.fr\/index.php?rest_route=\/wp\/v2\/types\/page"}],"author":[{"embeddable":true,"href":"https:\/\/ursuiatrail.fr\/index.php?rest_route=\/wp\/v2\/users\/1"}],"replies":[{"embeddable":true,"href":"https:\/\/ursuiatrail.fr\/index.php?rest_route=%2Fwp%2Fv2%2Fcomments&post=49"}],"version-history":[{"count":10,"href":"https:\/\/ursuiatrail.fr\/index.php?rest_route=\/wp\/v2\/pages\/49\/revisions"}],"predecessor-version":[{"id":3626,"href":"https:\/\/ursuiatrail.fr\/index.php?rest_route=\/wp\/v2\/pages\/49\/revisions\/3626"}],"wp:attachment":[{"href":"https:\/\/ursuiatrail.fr\/index.php?rest_route=%2Fwp%2Fv2%2Fmedia&parent=49"}],"curies":[{"name":"wp","href":"https:\/\/api.w.org\/{rel}","templated":true}]}}