{"id":83,"date":"2021-11-24T12:11:06","date_gmt":"2021-11-24T11:11:06","guid":{"rendered":"http:\/\/ursuiatrail.fr\/?page_id=83"},"modified":"2022-03-09T16:44:50","modified_gmt":"2022-03-09T15:44:50","slug":"2016-2","status":"publish","type":"page","link":"https:\/\/ursuiatrail.fr\/?page_id=83","title":{"rendered":"2016"},"content":{"rendered":"\n<p><em>Si les classements ne s&rsquo;affichent pas, vous pouvez les t\u00e9l\u00e9charger.<\/em> <\/p>\n\n\n\n<p><em>Utilisez la loupe pour faire une recherche.<\/em> <\/p>\n\n\n\n<p><a href=\"https:\/\/ursuiatrail.fr\/wp-content\/uploads\/2021\/11\/Classement_Ursuia_2016_gen.pdf\" data-type=\"URL\" data-id=\"https:\/\/ursuiatrail.fr\/wp-content\/uploads\/2021\/11\/Classement_Ursuia_2016_gen.pdf\">Classement g\u00e9n\u00e9ral<\/a> :<\/p>\n\n\n\n<div data-wp-interactive=\"core\/file\" class=\"wp-block-file\"><object data-wp-bind--hidden=\"!state.hasPdfPreview\" hidden class=\"wp-block-file__embed\" data=\"https:\/\/ursuiatrail.fr\/wp-content\/uploads\/2021\/11\/Classement_Ursuia_2016_gen.pdf\" type=\"application\/pdf\" style=\"width:100%;height:600px\" aria-label=\"Contenu embarqu\u00e9 Embed of Classement_Ursuia_2016_gen..\"><\/object><a id=\"wp-block-file--media-97027fa5-f08c-4a3d-a98d-7cb88f3ad37c\" href=\"https:\/\/ursuiatrail.fr\/wp-content\/uploads\/2021\/11\/Classement_Ursuia_2016_gen.pdf\">Classement_Ursuia_2016_gen<\/a><a href=\"https:\/\/ursuiatrail.fr\/wp-content\/uploads\/2021\/11\/Classement_Ursuia_2016_gen.pdf\" class=\"wp-block-file__button\" download aria-describedby=\"wp-block-file--media-97027fa5-f08c-4a3d-a98d-7cb88f3ad37c\">T\u00e9l\u00e9charger<\/a><\/div>\n\n\n\n<p><\/p>\n\n\n\n<p><a href=\"https:\/\/ursuiatrail.fr\/wp-content\/uploads\/2021\/11\/Classement_Ursuia_2016_cat.pdf\">Classement par cat\u00e9gorie<\/a> :<\/p>\n\n\n\n<div data-wp-interactive=\"core\/file\" class=\"wp-block-file\"><object data-wp-bind--hidden=\"!state.hasPdfPreview\" hidden class=\"wp-block-file__embed\" data=\"https:\/\/ursuiatrail.fr\/wp-content\/uploads\/2021\/11\/Classement_Ursuia_2016_cat.pdf\" type=\"application\/pdf\" style=\"width:100%;height:600px\" aria-label=\"Contenu embarqu\u00e9 Embed of Classement_Ursuia_2016_cat..\"><\/object><a id=\"wp-block-file--media-6c70ad85-9093-4384-9384-fcc8be6c5ef1\" href=\"https:\/\/ursuiatrail.fr\/wp-content\/uploads\/2021\/11\/Classement_Ursuia_2016_cat.pdf\">Classement_Ursuia_2016_cat<\/a><a href=\"https:\/\/ursuiatrail.fr\/wp-content\/uploads\/2021\/11\/Classement_Ursuia_2016_cat.pdf\" class=\"wp-block-file__button\" download aria-describedby=\"wp-block-file--media-6c70ad85-9093-4384-9384-fcc8be6c5ef1\">T\u00e9l\u00e9charger<\/a><\/div>\n","protected":false},"excerpt":{"rendered":"<p>Si les classements ne s&rsquo;affichent pas, vous pouvez les t\u00e9l\u00e9charger. Utilisez la loupe pour faire une recherche. Classement g\u00e9n\u00e9ral : Classement par cat\u00e9gorie :<\/p>\n","protected":false},"author":1,"featured_media":0,"parent":0,"menu_order":0,"comment_status":"closed","ping_status":"closed","template":"","meta":{"_kadence_starter_templates_imported_post":false,"_kad_post_transparent":"","_kad_post_title":"","_kad_post_layout":"","_kad_post_sidebar_id":"","_kad_post_content_style":"","_kad_post_vertical_padding":"","_kad_post_feature":"","_kad_post_feature_position":"","_kad_post_header":false,"_kad_post_footer":false,"_kad_post_classname":"","two_page_speed":[],"footnotes":""},"class_list":["post-83","page","type-page","status-publish","hentry"],"_links":{"self":[{"href":"https:\/\/ursuiatrail.fr\/index.php?rest_route=\/wp\/v2\/pages\/83","targetHints":{"allow":["GET"]}}],"collection":[{"href":"https:\/\/ursuiatrail.fr\/index.php?rest_route=\/wp\/v2\/pages"}],"about":[{"href":"https:\/\/ursuiatrail.fr\/index.php?rest_route=\/wp\/v2\/types\/page"}],"author":[{"embeddable":true,"href":"https:\/\/ursuiatrail.fr\/index.php?rest_route=\/wp\/v2\/users\/1"}],"replies":[{"embeddable":true,"href":"https:\/\/ursuiatrail.fr\/index.php?rest_route=%2Fwp%2Fv2%2Fcomments&post=83"}],"version-history":[{"count":4,"href":"https:\/\/ursuiatrail.fr\/index.php?rest_route=\/wp\/v2\/pages\/83\/revisions"}],"predecessor-version":[{"id":2939,"href":"https:\/\/ursuiatrail.fr\/index.php?rest_route=\/wp\/v2\/pages\/83\/revisions\/2939"}],"wp:attachment":[{"href":"https:\/\/ursuiatrail.fr\/index.php?rest_route=%2Fwp%2Fv2%2Fmedia&parent=83"}],"curies":[{"name":"wp","href":"https:\/\/api.w.org\/{rel}","templated":true}]}}